{"id":1208,"date":"2022-12-31T15:04:00","date_gmt":"2022-12-31T14:04:00","guid":{"rendered":"https:\/\/www.baustellentagebuch.de\/maschstrasse\/?page_id=1208"},"modified":"2023-01-03T14:13:28","modified_gmt":"2023-01-03T13:13:28","slug":"das-baustellentagebuch-ist-offline","status":"publish","type":"page","link":"https:\/\/www.baustellentagebuch.de\/maschstrasse\/","title":{"rendered":"Das Baustellentagebuch ist offline"},"content":{"rendered":"<h1>Warum?<\/h1>\n<p>In den vergangenen Jahren habe ich meine Dienstleistung f\u00fcr Kommunen erbracht. Kommunen werden von Politikern unterschiedlicher Parteien gef\u00fchrt.<\/p>\n<p>Im Winter 2021 \/ 2022 musste ich bei der Einf\u00fchrung von &#8222;2G&#8220; zu meinem gro\u00dfen Entsetzen feststellen, dass selbst Politiker linker Parteien wie den Gr\u00fcnen und der SPD nicht mal ansatzweise davor zur\u00fcckschrecken, Menschen mit einer anderen Meinung zu beschimpfen, zu diskriminieren und auszugrenzen. Diskriminierung und Ausgrenzung kollidieren so derma\u00dfen mit meinen Werten, dass ich mich au\u00dfer Stande sehe, meine Dienstleistung weiterhin f\u00fcr diese Zielgruppe anzubieten, geschweige denn zu erbringen.<\/p>\n<p>Nur ein paar Monate sp\u00e4ter, wird einfach so getan, als w\u00e4re nichts gewesen und zur Tagesordnung \u00fcbergegangen. Aufarbeitung? Fehlanzeige! Es tut mir leid, aber nach all den wirklich krassen und extremen Aussagen und Handlungen zu denen viele sich haben hinrei\u00dfen lassen, empfinde ich das als viel zu wenig.<\/p>\n<p>Ich schreibe, berichte und setzte mich bei meiner Arbeit f\u00fcr Menschen mit jedem Impfstatus, jeder Nationalit\u00e4t, jedem Bildungsstand, jeder Religion und last but not least nat\u00fcrlich auch jedem Geschlecht ein.<\/p>\n<p><strong>F\u00fcr alle so transparent und so offen wie m\u00f6glich da zu sein, das war meine Hauptmotivation aus der das Baustellentagebuch geboren wurde. Mir ging es immer und aus tiefstem Herzen darum, kein einziges Baustellentagebuch ohne Kommentarfunktion zu haben (was durchaus gew\u00fcnscht wurde) und ganz besonders auch die Kommentare zu erm\u00f6glichen, in denen Menschen mit etwas nicht einverstanden oder \u00fcber Vorg\u00e4nge in der Baustelle ver\u00e4rgert oder sogar w\u00fctend waren. In einer Demokratie, geh\u00f6rt das zum guten Ton.<br \/>\n<\/strong><\/p>\n<p><strong> Vom guten Ton mal ganz abgesehen: Andere Meinungen, Ver\u00e4rgerung und Wut \u00f6ffentlich und damit transparent zu machen und dann auf Augenh\u00f6he mit allen Sorten von Kommentaren wertsch\u00e4tzend umzugehen, das ist der wirkliche und wahre Wert der Baustellentageb\u00fccher. Und zwar f\u00fcr &#8211; alle &#8211; Beteiligten.<br \/>\n<\/strong><\/p>\n<p>Nat\u00fcrlich gab es eine Grenze: Pers\u00f6nliche Beleidigungen und Beschimpfungen vom zum Beispiel Mitarbeitern im Amt, sowie Diskriminierung und Ausgrenzung, habe ich nicht zugelassen.<\/p>\n<p>Diese Grenze gilt f\u00fcr beide Seiten: Politiker, egal welcher Partei, die dabei mitmachen oder einfach nur zusehen, wenn andere aufgrund einer vermeintlich falschen Meinung mit 2G-Gesetzen in ihrer beruflichen und pers\u00f6nlichen Existenz massiv bedroht, sowie diskriminiert und ausgrenzt werden, werden als Gesch\u00e4ftspartner bei mir ebenfalls nicht zugelassen.<\/p>\n<p>Ist mein Verhalten dann auch Ausgrenzung?<\/p>\n<p>Meiner bescheidenen Meinung nach, ist es die Anwendung des Grundgesetzes.<\/p>\n<p>In diesem Sinne: Heiter weiter! \ud83d\ude42<\/p>\n<p>Heiko Link<br \/>\nim Dezember 2022.<br \/>\nEtwas sp\u00e4t. Ich wei\u00df. Das tut mir leid! Besser sp\u00e4t, als nie &#8230; \ud83d\ude09<\/p>\n<p>\u2014\u2014\u2014\u2014\u2014\u2014\u2014\u2014\u2014\u2014\u2014\u2014\u2014\u2014\u2014-<\/p>\n<p><strong>Impressum:<br \/>\n<\/strong>Heiko Link<br \/>\nK\u00f6nigsberger Stra\u00dfe 79<br \/>\n32120 Hiddenhausen<\/p>\n<p>H.Link (at) baustellentagebuch.de<br \/>\nMobil: 01 70 \/ 5 40 23 28<\/p>\n<p>&nbsp;<\/p>\n","protected":false},"excerpt":{"rendered":"<p>Warum? In den vergangenen Jahren habe ich meine Dienstleistung f\u00fcr Kommunen erbracht. Kommunen werden von Politikern unterschiedlicher Parteien gef\u00fchrt. Im Winter 2021 \/ 2022 musste ich bei der Einf\u00fchrung von &#8222;2G&#8220; zu meinem gro\u00dfen Entsetzen feststellen, dass selbst Politiker linker Parteien wie den Gr\u00fcnen und der SPD nicht mal ansatzweise davor zur\u00fcckschrecken, Menschen mit einer [&hellip;]<\/p>\n","protected":false},"author":3,"featured_media":0,"parent":0,"menu_order":0,"comment_status":"closed","ping_status":"closed","template":"","meta":{"_genesis_hide_title":false,"_genesis_hide_breadcrumbs":false,"_genesis_hide_singular_image":false,"_genesis_hide_footer_widgets":false,"_genesis_custom_body_class":"","_genesis_custom_post_class":"","_genesis_layout":"","footnotes":""},"class_list":{"0":"post-1208","1":"page","2":"type-page","3":"status-publish","5":"entry"},"_links":{"self":[{"href":"https:\/\/www.baustellentagebuch.de\/maschstrasse\/wp-json\/wp\/v2\/pages\/1208","targetHints":{"allow":["GET"]}}],"collection":[{"href":"https:\/\/www.baustellentagebuch.de\/maschstrasse\/wp-json\/wp\/v2\/pages"}],"about":[{"href":"https:\/\/www.baustellentagebuch.de\/maschstrasse\/wp-json\/wp\/v2\/types\/page"}],"author":[{"embeddable":true,"href":"https:\/\/www.baustellentagebuch.de\/maschstrasse\/wp-json\/wp\/v2\/users\/3"}],"replies":[{"embeddable":true,"href":"https:\/\/www.baustellentagebuch.de\/maschstrasse\/wp-json\/wp\/v2\/comments?post=1208"}],"version-history":[{"count":3,"href":"https:\/\/www.baustellentagebuch.de\/maschstrasse\/wp-json\/wp\/v2\/pages\/1208\/revisions"}],"predecessor-version":[{"id":1211,"href":"https:\/\/www.baustellentagebuch.de\/maschstrasse\/wp-json\/wp\/v2\/pages\/1208\/revisions\/1211"}],"wp:attachment":[{"href":"https:\/\/www.baustellentagebuch.de\/maschstrasse\/wp-json\/wp\/v2\/media?parent=1208"}],"curies":[{"name":"wp","href":"https:\/\/api.w.org\/{rel}","templated":true}]}}